{"id":23790,"date":"2016-05-05T05:11:47","date_gmt":"2016-05-05T05:11:47","guid":{"rendered":"http:\/\/www.fumuecuador.org\/?page_id=23790"},"modified":"2016-07-05T01:15:14","modified_gmt":"2016-07-05T01:15:14","slug":"kontakt","status":"publish","type":"page","link":"https:\/\/www.fumuecuador.org\/?page_id=23790","title":{"rendered":"Kontakt"},"content":{"rendered":"<section class=\"wpb-content-wrapper\"><p>[vc_row][vc_column width=\u00bb1\/2&#8243;][vc_column_text]<\/p>\n<p align=\"justify\">Die wichtigste Unterst\u00fctzung auf die wir z\u00e4hlen k\u00f6nnen um das Leben vieler Kinder in Ecuador auf positive Weise beeinflussen zu k\u00f6nnen, kommt von <strong>Ihnen.<\/strong><\/p>\n<p align=\"justify\">Denken Sie daran, dass wir mit ihrer Spende, ob klein oder gross, viele Familien unterst\u00fctzen k\u00f6nnen. Sie tragen aktiv dazu bei, eine gerechtere Welt voller M\u00f6glichkeiten zu schaffen.<\/p>\n<p>Schon jetzt vielen Dank f\u00fcr Ihre Kontaktaufnahme![\/vc_column_text][\/vc_column][vc_column width=\u00bb1\/2&#8243;]\r\n\t\t\t\t\t<!-- Image Slider -->\r\n\t\t\t\t\t<script type=\"text\/javascript\">\r\n\r\n\t\t\t\t\t\tjQuery(document).ready(function($) {\r\n\t\t\t\t\t\t\t\r\n\t\t\t\t\t\t\t\/\/ Load carousel after its images are loaded\r\n\t\t\t\t\t\t\tpreloadImages($(\"#img_slider_3306a221ffce75c9c6f07bc17a849a01 img\"), function () {\r\n\t\t\t\t\t\t\t\t\r\n\t\t\t\t\t\t\t\tvar carousel = $(\"#img_slider_3306a221ffce75c9c6f07bc17a849a01\");\r\n\t\t\t\t\t\t\t\t\r\n\t\t\t\t\t\t\t\tvar args = {\r\n\t\t\t\t\t\t\t\t\titems: \t\t\t1,\r\n\t\t\t\t\t\t\t\t\tmouseDrag:\t\ttrue,\r\n\t\t\t\t\t\t\t\t\tautoplay:\t\ttrue,\r\n\t\t\t\t\t\t\t\t\tautoplayTimeout:4000,\r\n\t\t\t\t\t\t\t\t\tnav: \t\t\ttrue,\r\n\t\t\t\t\t\t\t\t\tdots: \t\t\tfalse,\r\n\t\t\t\t\t\t\t\t\tloop: \t\t\ttrue,\r\n\t\t\t\t\t\t\t\t\tautoHeight: \ttrue,\r\n\t\t\t\t\t\t\t\t\tsmartSpeed:\t\t250,\r\n\t\t\t\t\t\t\tnavText:\t\t\t[\"<span class='icon icon-arrow-left8'><\/span>\",\"<span class='icon icon-uniE708'><\/span>\"],\r\n\t\t\t\t\t\t\t\t\tslideBy: \t\t1,\r\n\t\t\t\t\t\t\t\t\tnavRewind: \t\tfalse,\r\n\t\t\t\t\t\t\t\t\trtl: \t\t\tfalse,\r\n\t\t\t\t\t\t\t\t\tonInitialized:  \tshowCarousel_3306a221ffce75c9c6f07bc17a849a01,\r\n\t\t\t\t\t\t\t\t\t\r\n\t\t\t\t\t\t\t\t};\r\n\t\t\t\t\t\t\t\t\r\n\t\t\t\t\t\t\t\tcarousel.owlCarousel(args);\r\n\r\n\t\t\t\t\t\t\t\tvar initital_width = carousel.css(\"width\");\t\t\r\n\t\t\t\t\t\t\t\t\r\n\t\t\t\t\t\t\t\t\/* Refresh it for full width rows *\/\r\n\t\t\t\t\t\t\t\t$(window).load(function(){\r\n\t\t\t\t\t\t\t\t\tif(carousel.css(\"width\") != initital_width) {\r\n\t\t\t\t\t\t\t\t\t\tcarousel.trigger(\"destroy.owl.carousel\").removeClass(\"owl-carousel owl-loaded\");\r\n\t\t\t\t\t\t\t\t\t\tcarousel.find(\".owl-stage-outer\").children().unwrap();\r\n\t\t\t\t\t\t\t\t\t\tcarousel.owlCarousel(args);\r\n\t\t\t\t\t\t\t\t\t}\r\n\t\t\t\t\t\t\t\t});\r\n\t\t\t\t\t\t\t});\r\n\t\t\t\t\t\t\t\r\n\t\t\t\t\t\t\t\r\n\t\t\t\t\t\t\t\/* Show after initialized *\/\r\n\t\t\t\t\t\t\tfunction showCarousel_3306a221ffce75c9c6f07bc17a849a01() {\r\n\t\t\t\t\t\t\t\t$(\"#img_slider_3306a221ffce75c9c6f07bc17a849a01\").fadeTo(0,1);\r\n\t\t\t\t\t\t\t\t$(\"#img_slider_3306a221ffce75c9c6f07bc17a849a01 .owl-item .boc_owl_lazy\").css(\"opacity\",\"1\");\r\n\t\t\t\t\t\t\t}\t\t\t\t\t\t\t\r\n\t\t\t\t\t\t\t\r\n\t\t\t\t\t\t\t\r\n\t\t\t\t\t\t});\r\n\r\n\t\t\t\t\t<\/script>\r\n\t\t\t\t\t<!-- Image Slider :: END --><div class=\"img_slider mfp_gallery \" id=\"img_slider_3306a221ffce75c9c6f07bc17a849a01\" style=\"opacity:0;\"><div class=\"img_slider_item boc_owl_lazy\"><img src=\"https:\/\/www.fumuecuador.org\/wp-content\/uploads\/2016\/05\/kontakt1.jpg\" alt=\"\" title=\"\"\/><\/div><div class=\"img_slider_item boc_owl_lazy\"><img src=\"https:\/\/www.fumuecuador.org\/wp-content\/uploads\/2016\/05\/ko1.jpg\" alt=\"\" title=\"\"\/><\/div><div class=\"img_slider_item boc_owl_lazy\"><img src=\"https:\/\/www.fumuecuador.org\/wp-content\/uploads\/2016\/05\/kontakt2.jpg\" alt=\"\" title=\"\"\/><\/div><div class=\"img_slider_item boc_owl_lazy\"><img src=\"https:\/\/www.fumuecuador.org\/wp-content\/uploads\/2016\/05\/kontakt3.jpg\" alt=\"\" title=\"\"\/><\/div><\/div>[\/vc_column][\/vc_row][vc_row][vc_column]<div class=\"boc_spacing \" style=\"height: 45px\"><\/div>[\/vc_column][\/vc_row][vc_row][vc_column]<div class=\"acc_holder   with_bgr \"><div class=\"acc_item\"><h4 class=\"accordion\"><span class=\"acc_control \"><\/span><span class=\"acc_heading\">Kontaktadresse in Ecuador: Gesch\u00e4ftsf\u00fchrerin<\/span><\/h4><div class=\"accordion_content\"><\/p>\n<p style=\"text-align: justify;\"><strong>Fundaci\u00f3n Un Mundo Unido FUMU<\/strong><br \/>\nIsabella Abert jun.<br \/>\nAv. El Retorno 2743 y R\u00edo Tiputini<br \/>\nIbarra &#8211; Ecuador<br \/>\n<strong>e-mail :\u00a0<\/strong><strong><a href=\"mailto:isabella@fumuecuador.org\" target=\"_blank\"><u>isabella@fumuecuador.org<\/u><\/a><\/strong><\/p>\n<p><\/div><\/div><div class=\"acc_item\"><h4 class=\"accordion\"><span class=\"acc_control \"><\/span><span class=\"acc_heading\">Kontaktadresse in Deutschland:<\/span><\/h4><div class=\"accordion_content\"><strong>Kinder-Direkt-Hilfe Ecuador<\/strong><\/p>\n<p>Isabella Abert sen.<br \/>\nR\u00f6ntgenstr. 11<br \/>\nD-86199 Augsburg<\/p>\n<p>Telefon: 0821-97731<br \/>\n<strong>e-mail:\u00a0<\/strong><a href=\"mailto:iabert@kinder-direkt-hilfe.de\" target=\"_blank\"><strong>iabert@kinder-direkt-hilfe.de<\/strong><\/a><\/div><\/div><div class=\"acc_item\"><h4 class=\"accordion\"><span class=\"acc_control \"><\/span><span class=\"acc_heading\">Spendenkonto:<\/span><\/h4><div class=\"accordion_content\"><strong>Kolpingstiftung Rudolf-Geiselberger<\/strong><\/p>\n<p>Liga-Bank Regensburg<br \/>\nIBAN: DE 64 7509 0300 0000 1477 70<br \/>\nBIC: GENODEF1M05<br \/>\nVerwendungszweck : <strong>Ecuador <\/strong>oder<strong> Ecuador-Patenschaft<\/strong><br \/>\nUnter Verwendungszweck noch angeben: eigene Adresse (zum Erhalt einer Spendenquittung)<\/p>\n<p>Frauentorstra\u00dfe, D-86152 Augsburg<br \/>\n<strong>e-mail:<\/strong> <a href=\"mailto:kolpingstiftung@kolping-augsburg.de\"><strong>kolpingstiftung@kolping-augsburg.de<\/strong><\/a><\/p>\n<p><span style=\"text-decoration: underline;\"><strong><a href=\"http:\/\/www.fumuecuador.org\/wp-content\/uploads\/2016\/06\/Einzugserm\u00e4chtigung.pdf\">Einzugserm\u00e4chtigung als PDF<\/a><\/strong><\/span><\/div><\/div><div class=\"acc_item\"><h4 class=\"accordion\"><span class=\"acc_control \"><\/span><span class=\"acc_heading\">Betreuung : Kolpingsfamilie G\u00f6ggingen<\/span><\/h4><div class=\"accordion_content\"><strong>Kolpingsfamilie G\u00f6ggingen<\/strong><br \/>\nWerner Karner<br \/>\n<strong>e-mail:<\/strong> <a href=\"mailto:info@kolping-goeggingen.de\" target=\"_blank\"><strong>info@kolping-goeggingen.de<\/strong><\/a><\/p>\n<p><a href=\"http:\/\/www.kolping-goeggingen.de\/\" target=\"_blank\">www.kolping-goeggingen.de<\/a><\/p>\n<p><\/div><\/div><\/div>[\/vc_column][\/vc_row]<\/p>\n<\/section>","protected":false},"excerpt":{"rendered":"<p>[vc_row][vc_column width=\u00bb1\/2&#8243;][vc_column_text] Die wichtigste Unterst\u00fctzung auf die wir z\u00e4hlen k\u00f6nnen um das Leben vieler Kinder in Ecuador auf positive Weise beeinflussen zu k\u00f6nnen, kommt von Ihnen. Denken Sie daran, dass wir mit ihrer Spende, ob klein oder gross, viele Familien unterst\u00fctzen k\u00f6nnen. Sie tragen aktiv dazu bei, eine gerechtere Welt voller M\u00f6glichkeiten zu schaffen. Schon jetzt vielen Dank f\u00fcr Ihre<\/p>\n<div class=\"h10\"><\/div>\n<p><a class=\"more-link2 flat\" href=\"https:\/\/www.fumuecuador.org\/?page_id=23790\">Read more<\/a><\/p>\n","protected":false},"author":1,"featured_media":0,"parent":0,"menu_order":0,"comment_status":"closed","ping_status":"closed","template":"","meta":[],"_links":{"self":[{"href":"https:\/\/www.fumuecuador.org\/index.php?rest_route=\/wp\/v2\/pages\/23790"}],"collection":[{"href":"https:\/\/www.fumuecuador.org\/index.php?rest_route=\/wp\/v2\/pages"}],"about":[{"href":"https:\/\/www.fumuecuador.org\/index.php?rest_route=\/wp\/v2\/types\/page"}],"author":[{"embeddable":true,"href":"https:\/\/www.fumuecuador.org\/index.php?rest_route=\/wp\/v2\/users\/1"}],"replies":[{"embeddable":true,"href":"https:\/\/www.fumuecuador.org\/index.php?rest_route=%2Fwp%2Fv2%2Fcomments&post=23790"}],"version-history":[{"count":17,"href":"https:\/\/www.fumuecuador.org\/index.php?rest_route=\/wp\/v2\/pages\/23790\/revisions"}],"predecessor-version":[{"id":24266,"href":"https:\/\/www.fumuecuador.org\/index.php?rest_route=\/wp\/v2\/pages\/23790\/revisions\/24266"}],"wp:attachment":[{"href":"https:\/\/www.fumuecuador.org\/index.php?rest_route=%2Fwp%2Fv2%2Fmedia&parent=23790"}],"curies":[{"name":"wp","href":"https:\/\/api.w.org\/{rel}","templated":true}]}}