{"id":23788,"date":"2016-05-05T05:09:07","date_gmt":"2016-05-05T05:09:07","guid":{"rendered":"http:\/\/www.fumuecuador.org\/?page_id=23788"},"modified":"2016-07-18T23:00:58","modified_gmt":"2016-07-18T23:00:58","slug":"patenschaften","status":"publish","type":"page","link":"https:\/\/www.fumuecuador.org\/?page_id=23788","title":{"rendered":"Patenschaften"},"content":{"rendered":"<section class=\"wpb-content-wrapper\"><p>[vc_row][vc_column width=\u00bb1\/2&#8243;]\r\n\t\t\t\t\t<!-- Image Slider -->\r\n\t\t\t\t\t<script type=\"text\/javascript\">\r\n\r\n\t\t\t\t\t\tjQuery(document).ready(function($) {\r\n\t\t\t\t\t\t\t\r\n\t\t\t\t\t\t\t\/\/ Load carousel after its images are loaded\r\n\t\t\t\t\t\t\tpreloadImages($(\"#img_slider_b1e0191b9bd7cf5e85b87c82539d2dcd img\"), function () {\r\n\t\t\t\t\t\t\t\t\r\n\t\t\t\t\t\t\t\tvar carousel = $(\"#img_slider_b1e0191b9bd7cf5e85b87c82539d2dcd\");\r\n\t\t\t\t\t\t\t\t\r\n\t\t\t\t\t\t\t\tvar args = {\r\n\t\t\t\t\t\t\t\t\titems: \t\t\t1,\r\n\t\t\t\t\t\t\t\t\tmouseDrag:\t\ttrue,\r\n\t\t\t\t\t\t\t\t\tautoplay:\t\ttrue,\r\n\t\t\t\t\t\t\t\t\tautoplayTimeout:4000,\r\n\t\t\t\t\t\t\t\t\tnav: \t\t\ttrue,\r\n\t\t\t\t\t\t\t\t\tdots: \t\t\tfalse,\r\n\t\t\t\t\t\t\t\t\tloop: \t\t\ttrue,\r\n\t\t\t\t\t\t\t\t\tautoHeight: \ttrue,\r\n\t\t\t\t\t\t\t\t\tsmartSpeed:\t\t250,\r\n\t\t\t\t\t\t\tnavText:\t\t\t[\"<span class='icon icon-arrow-left8'><\/span>\",\"<span class='icon icon-uniE708'><\/span>\"],\r\n\t\t\t\t\t\t\t\t\tslideBy: \t\t1,\r\n\t\t\t\t\t\t\t\t\tnavRewind: \t\tfalse,\r\n\t\t\t\t\t\t\t\t\trtl: \t\t\tfalse,\r\n\t\t\t\t\t\t\t\t\tonInitialized:  \tshowCarousel_b1e0191b9bd7cf5e85b87c82539d2dcd,\r\n\t\t\t\t\t\t\t\t\tanimateOut:\"fadeOut\", animateIn: \"fadeIn\"\r\n\t\t\t\t\t\t\t\t};\r\n\t\t\t\t\t\t\t\t\r\n\t\t\t\t\t\t\t\tcarousel.owlCarousel(args);\r\n\r\n\t\t\t\t\t\t\t\tvar initital_width = carousel.css(\"width\");\t\t\r\n\t\t\t\t\t\t\t\t\r\n\t\t\t\t\t\t\t\t\/* Refresh it for full width rows *\/\r\n\t\t\t\t\t\t\t\t$(window).load(function(){\r\n\t\t\t\t\t\t\t\t\tif(carousel.css(\"width\") != initital_width) {\r\n\t\t\t\t\t\t\t\t\t\tcarousel.trigger(\"destroy.owl.carousel\").removeClass(\"owl-carousel owl-loaded\");\r\n\t\t\t\t\t\t\t\t\t\tcarousel.find(\".owl-stage-outer\").children().unwrap();\r\n\t\t\t\t\t\t\t\t\t\tcarousel.owlCarousel(args);\r\n\t\t\t\t\t\t\t\t\t}\r\n\t\t\t\t\t\t\t\t});\r\n\t\t\t\t\t\t\t});\r\n\t\t\t\t\t\t\t\r\n\t\t\t\t\t\t\t\r\n\t\t\t\t\t\t\t\/* Show after initialized *\/\r\n\t\t\t\t\t\t\tfunction showCarousel_b1e0191b9bd7cf5e85b87c82539d2dcd() {\r\n\t\t\t\t\t\t\t\t$(\"#img_slider_b1e0191b9bd7cf5e85b87c82539d2dcd\").fadeTo(0,1);\r\n\t\t\t\t\t\t\t\t$(\"#img_slider_b1e0191b9bd7cf5e85b87c82539d2dcd .owl-item .boc_owl_lazy\").css(\"opacity\",\"1\");\r\n\t\t\t\t\t\t\t}\t\t\t\t\t\t\t\r\n\t\t\t\t\t\t\t\r\n\t\t\t\t\t\t\t\r\n\t\t\t\t\t\t});\r\n\r\n\t\t\t\t\t<\/script>\r\n\t\t\t\t\t<!-- Image Slider :: END --><div class=\"img_slider mfp_gallery \" id=\"img_slider_b1e0191b9bd7cf5e85b87c82539d2dcd\" style=\"opacity:0;\"><div class=\"img_slider_item boc_owl_lazy\"><img src=\"https:\/\/www.fumuecuador.org\/wp-content\/uploads\/2016\/05\/patenschaften1.jpg\" alt=\"\" title=\"\"\/><\/div><div class=\"img_slider_item boc_owl_lazy\"><img src=\"https:\/\/www.fumuecuador.org\/wp-content\/uploads\/2016\/05\/pa2.jpg\" alt=\"\" title=\"\"\/><\/div><div class=\"img_slider_item boc_owl_lazy\"><img src=\"https:\/\/www.fumuecuador.org\/wp-content\/uploads\/2016\/05\/patenschaften2.jpg\" alt=\"\" title=\"\"\/><\/div><div class=\"img_slider_item boc_owl_lazy\"><img src=\"https:\/\/www.fumuecuador.org\/wp-content\/uploads\/2016\/05\/pa1.jpg\" alt=\"\" title=\"\"\/><\/div><div class=\"img_slider_item boc_owl_lazy\"><img src=\"https:\/\/www.fumuecuador.org\/wp-content\/uploads\/2016\/05\/patenschaften3.jpg\" alt=\"\" title=\"\"\/><\/div><\/div>[\/vc_column][vc_column width=\u00bb1\/2&#8243;][vc_column_text]<\/p>\n<p style=\"text-align: justify;\">Mit einer Patenschaft helfen Sie aktiv\u00a0 einem Kind und erm\u00f6glichen ihm eine bessere Zukunft. Wir bitten vor allem um Hilfe f\u00fcr Kinder mit gesundheitlichen Problemen, da die \u00e4rmlichen Verh\u00e4ltnisse der Familien weder den Kauf der notwendigen Arzneien, noch eine notwendige Therapie oder Operation gestatten.<\/p>\n<p style=\"text-align: justify;\">Andere Kinder haben keine Chance auf Schulausbildung, weil die Eltern extrem arm sind und sie das Geld f\u00fcr Schulbus, Uniform, Schulutensilien etc. nicht aufbringen k\u00f6nnen.<\/p>\n<p style=\"text-align: justify;\">Anhand von Briefen oder gar Besuchen k\u00f6nnen Sie sich von dem Fortschritt Ihres Patenkindes \u00fcberzeugen. Wenn Sie nicht direkt in den Kontakt mit dem von Ihnen unterst\u00fctzten Kind treten wollen, werden wir Sie von unserer Seite her regelm\u00e4\u00dfig \u00fcber das Befinden unterrichten.<\/p>\n<p style=\"text-align: justify;\" align=\"justify\">Je nach Bedarf des Sch\u00fctzlings und dem Betrag, welcher der Pate zur Vef\u00fcgung stellt, wird im Bereich der Schulausbildung, der Ern\u00e4hrung und der Gesundheit geholfen.<\/p>\n<p style=\"text-align: justify;\" align=\"justify\">In diesem sehr arbeitsintensiven Programm werden regelm\u00e4ssig Besuche bei den Patenkindern und ihren Familien abgestattet um \u00fcber Neuigkeiten informiert zu sein.<\/p>\n<p>[\/vc_column_text][\/vc_column][\/vc_row][vc_row][vc_column]<div class=\"boc_spacing \" style=\"height: 25px\"><\/div>[\/vc_column][\/vc_row][vc_row][vc_column]<div class=\"acc_holder  rounded with_bgr \"><div class=\"acc_item\"><h4 class=\"accordion\"><span class=\"acc_control \"><\/span><span class=\"acc_heading\">Sie wollen Pate werden<\/span><\/h4><div class=\"accordion_content\"><\/p>\n<p class=\"Estilo2 Estilo5\" style=\"text-align: justify;\" align=\"justify\">Die gespendeten Gelder werden nicht direkt an das Kind bzw. dessen Familie ausbezahlt, um eine finanzielle Abh\u00e4ngigkeit zu verhindern, sondern von der <strong>Fundaci\u00f3n Un Mundo Unido FUMU<\/strong> verwaltet. Von dem Team \u00abvor Ort\u00bb wird jeweils entschieden, in welcher Form die Hilfe jedem einzelnen Kind zukommt um zu gew\u00e4hrleisten, dass sie auch effektiv ist &#8211; und die Kinder eine Zukunft haben.<\/p>\n<p class=\"Estilo2 Estilo5\" style=\"text-align: justify;\" align=\"justify\">Sie m\u00f6chten f\u00fcr den Zeitraum von&#8230;..Jahren eine Patenschaft \u00fcbernehmen.<br \/>\nEntscheiden Sie selbst \u00fcber die H\u00f6he des Betrages den Sie<\/p>\n<ul>\n<li class=\"Estilo3\">monatlich<\/li>\n<li class=\"Estilo3\">j\u00e4hrlich<\/li>\n<\/ul>\n<p><\/div><\/div><div class=\"acc_item\"><h4 class=\"accordion\"><span class=\"acc_control \"><\/span><span class=\"acc_heading\">Daten f\u00fcr Patenschaften<\/span><\/h4><div class=\"accordion_content\"><\/p>\n<p class=\"Estilo3\" style=\"text-align: justify;\"><strong>Kolpingstiftung \u00a0Rudolf-Geiselberger<\/strong><\/p>\n<p>Liga-Bank Regensburg<br \/>\nIBAN: DE 64 7509 0300 0000 1477 70<br \/>\nBIC: GENODEF1M05<br \/>\nVerwendungszweck : <strong>Ecuador-Patenschaft\u00a0<\/strong><br \/>\n<strong>Name und Id.Nr. Ihres Patenkindes\u00a0<\/strong><\/p>\n<p class=\"Estilo3\" style=\"text-align: justify;\" align=\"justify\">Bitte nehmen Sie Kontakt auf mit einer der angegebenen <a href=\"http:\/\/www.fumuecuador.org\/?page_id=23790&amp;lang=de\"><strong>Adressen.<\/strong><\/a> Sie bekommen dann einen Patenschaftsvorschlag zugeschickt mit der Nummer des Patenschaftsgesuches, die Sie f\u00fcr Ihre \u00dcberweisung und die Einzugserm\u00e4chtigung angeben sollten, damit Ihre Spende dem ausgew\u00e4hlten Kind zukommen kann.<br \/>\nDie anh\u00e4ngende <strong><a href=\"http:\/\/www.fumuecuador.org\/wp-content\/uploads\/2016\/06\/Einzugserm\u00e4chtigung.pdf\">Einzugserm\u00e4chtigung<\/a><\/strong> kann ausgef\u00fcllt und ausgedruckt werden.<br \/>\nSenden Sie bitte die ausgef\u00fcllte Einzugserm\u00e4chtigung an folgende Adresse:<\/p>\n<p class=\"Estilo3\" style=\"text-align: justify;\" align=\"center\"><strong>\u00a0Kolpingstiftung-Rudolf-Geiselberger,\u00a0<\/strong><br \/>\nFrauentorstra\u00dfe 29, D-86152 Augsburg<\/p>\n<p><\/div><\/div><\/div>[\/vc_column][\/vc_row]<\/p>\n<\/section>","protected":false},"excerpt":{"rendered":"<p>[vc_row][vc_column width=\u00bb1\/2&#8243;][\/vc_column][vc_column width=\u00bb1\/2&#8243;][vc_column_text] Mit einer Patenschaft helfen Sie aktiv\u00a0 einem Kind und erm\u00f6glichen ihm eine bessere Zukunft. Wir bitten vor allem um Hilfe f\u00fcr Kinder mit gesundheitlichen Problemen, da die \u00e4rmlichen Verh\u00e4ltnisse der Familien weder den Kauf der notwendigen Arzneien, noch eine notwendige Therapie oder Operation gestatten. Andere Kinder haben keine Chance auf Schulausbildung, weil die Eltern extrem arm sind<\/p>\n<div class=\"h10\"><\/div>\n<p><a class=\"more-link2 flat\" href=\"https:\/\/www.fumuecuador.org\/?page_id=23788\">Read more<\/a><\/p>\n","protected":false},"author":1,"featured_media":0,"parent":0,"menu_order":0,"comment_status":"closed","ping_status":"closed","template":"","meta":[],"_links":{"self":[{"href":"https:\/\/www.fumuecuador.org\/index.php?rest_route=\/wp\/v2\/pages\/23788"}],"collection":[{"href":"https:\/\/www.fumuecuador.org\/index.php?rest_route=\/wp\/v2\/pages"}],"about":[{"href":"https:\/\/www.fumuecuador.org\/index.php?rest_route=\/wp\/v2\/types\/page"}],"author":[{"embeddable":true,"href":"https:\/\/www.fumuecuador.org\/index.php?rest_route=\/wp\/v2\/users\/1"}],"replies":[{"embeddable":true,"href":"https:\/\/www.fumuecuador.org\/index.php?rest_route=%2Fwp%2Fv2%2Fcomments&post=23788"}],"version-history":[{"count":11,"href":"https:\/\/www.fumuecuador.org\/index.php?rest_route=\/wp\/v2\/pages\/23788\/revisions"}],"predecessor-version":[{"id":24295,"href":"https:\/\/www.fumuecuador.org\/index.php?rest_route=\/wp\/v2\/pages\/23788\/revisions\/24295"}],"wp:attachment":[{"href":"https:\/\/www.fumuecuador.org\/index.php?rest_route=%2Fwp%2Fv2%2Fmedia&parent=23788"}],"curies":[{"name":"wp","href":"https:\/\/api.w.org\/{rel}","templated":true}]}}