{"id":23777,"date":"2016-05-05T04:44:48","date_gmt":"2016-05-05T04:44:48","guid":{"rendered":"http:\/\/www.fumuecuador.org\/?page_id=23777"},"modified":"2016-07-18T21:46:25","modified_gmt":"2016-07-18T21:46:25","slug":"projekte","status":"publish","type":"page","link":"https:\/\/www.fumuecuador.org\/?page_id=23777","title":{"rendered":"Projekte"},"content":{"rendered":"<section class=\"wpb-content-wrapper\"><p>[vc_row][vc_column][\/vc_column][\/vc_row][vc_row][vc_column]<div class=\"img_carousel_holder \">\t<div class=\"img_carousel mfp_gallery\" id=\"img_carousel_1986\" style=\"opacity:0;\"><div class=\"img_carousel_item boc_owl_lazy\">\t<div class=\"pic  img_hover_effect2\">\r\n\t\t\t\t\t\t\t\t<a href=\"https:\/\/www.fumuecuador.org\/wp-content\/uploads\/2016\/05\/projekte1.jpg\" class=\"mfp_popup_gal\"  target=\"_self\">\r\n\t\t\t\t\t\t\t\t\t<img src=\"https:\/\/www.fumuecuador.org\/wp-content\/uploads\/2016\/05\/projekte1.jpg\" alt=\"\" \/>\r\n\t\t\t\t\t\t\t\t<\/a>\r\n\t\t\t\t\t\t\t<\/div>\r\n\t\t\t\t\t\t<\/div><div class=\"img_carousel_item boc_owl_lazy\">\t<div class=\"pic  img_hover_effect2\">\r\n\t\t\t\t\t\t\t\t<a href=\"https:\/\/www.fumuecuador.org\/wp-content\/uploads\/2016\/05\/pa2.jpg\" class=\"mfp_popup_gal\"  target=\"_self\">\r\n\t\t\t\t\t\t\t\t\t<img src=\"https:\/\/www.fumuecuador.org\/wp-content\/uploads\/2016\/05\/pa2.jpg\" alt=\"\" \/>\r\n\t\t\t\t\t\t\t\t<\/a>\r\n\t\t\t\t\t\t\t<\/div>\r\n\t\t\t\t\t\t<\/div><div class=\"img_carousel_item boc_owl_lazy\">\t<div class=\"pic  img_hover_effect2\">\r\n\t\t\t\t\t\t\t\t<a href=\"https:\/\/www.fumuecuador.org\/wp-content\/uploads\/2016\/05\/ko1.jpg\" class=\"mfp_popup_gal\"  target=\"_self\">\r\n\t\t\t\t\t\t\t\t\t<img src=\"https:\/\/www.fumuecuador.org\/wp-content\/uploads\/2016\/05\/ko1.jpg\" alt=\"\" \/>\r\n\t\t\t\t\t\t\t\t<\/a>\r\n\t\t\t\t\t\t\t<\/div>\r\n\t\t\t\t\t\t<\/div><\/div>\r\n\t\t\t\t <\/div>\r\n\t\t\t\t\t<!-- Image Slider -->\r\n\t\t\t\t\t<script type=\"text\/javascript\">\r\n\r\n\t\t\t\t\t\tjQuery(document).ready(function($) {\r\n\t\t\t\t\t\t\t\r\n\t\t\t\t\t\t\tvar carousel = jQuery(\"#img_carousel_1986\");\r\n\t\t\t\t\t\t\t\r\n\t\t\t\t\t\t\tvar args = {\r\n\t\t\t\t\t\t\t\t\titems: \t\t\t\t3,\r\n\t\t\t\t\t\t\t\t\tslideBy: \t\t\t3,\t\t\t\t\t\t\r\n\t\t\t\t\t\t\t\t\tautoplay:\t\t\ttrue,\r\n\t\t\t\t\t\t\t\t\tautoplayTimeout:\t4000,\r\n\t\t\t\t\t\t\t\t\tnav: \t\t\t\ttrue,\r\n\t\t\t\t\t\t\t\t\tdots: \t\t\t\tfalse,\r\n\t\t\t\t\t\t\t\t\tloop: \t\t\t\ttrue,\r\n\t\t\t\t\t\t\t\t\tsmartSpeed:\t\t\t250,\r\n\t\t\t\t\t\t\t\t\tnavText:\t\t\t[\"<span class='icon icon-arrow-left7'><\/span>\",\"<span class='icon icon-arrow-right7'><\/span>\"],\r\n\t\t\t\t\t\t\t\t\tnavRewind: \t\t\tfalse,\r\n\t\t\t\t\t\t\t\t\trtl : \t\t\t\tfalse,\r\n\t\t\t\t\t\t\t\t\tmargin: \t\t\t25,\r\n\t\t\t\t\t\t\t\t\tresponsive:{\r\n\t\t\t\t\t\t\t\t\t\t0:{\r\n\t\t\t\t\t\t\t\t\t\t  items:1,\r\n\t\t\t\t\t\t\t\t\t\t},\r\n\t\t\t\t\t\t\t\t\t\t480:{\r\n\t\t\t\t\t\t\t\t\t\t  items:1,\r\n\t\t\t\t\t\t\t\t\t\t  margin:20,\r\n\t\t\t\t\t\t\t\t\t\t},\r\n\t\t\t\t\t\t\t\t\t\t769:{\r\n\t\t\t\t\t\t\t\t\t\t  items:3\r\n\t\t\t\t\t\t\t\t\t\t}\r\n\t\t\t\t\t\t\t\t\t},\r\n\t\t\t\t\t\t\t\t\tonInitialized: showCarousel_1986\r\n\t\t\t\t\t\t\t};\r\n\t\t\t\t\t\t\t\r\n\t\t\t\t\t\t\tcarousel.owlCarousel(args);\r\n\r\n\t\t\t\t\t\t\tvar initital_width = carousel.css(\"width\");\t\t\r\n\t\t\t\t\t\t\t\t\r\n\t\t\t\t\t\t\t\/* Refresh it for full width rows *\/\r\n\t\t\t\t\t\t\t$(window).load(function(){\r\n\t\t\t\t\t\t\t\tif(carousel.css(\"width\") != initital_width) {\r\n\t\t\t\t\t\t\t\t\tcarousel.trigger(\"destroy.owl.carousel\").removeClass(\"owl-carousel owl-loaded\");\r\n\t\t\t\t\t\t\t\t\tcarousel.find(\".owl-stage-outer\").children().unwrap();\r\n\t\t\t\t\t\t\t\t\tcarousel.owlCarousel(args);\r\n\t\t\t\t\t\t\t\t}\r\n\t\t\t\t\t\t\t});\r\n\t\t\t\t\t\t\t\r\n\t\t\t\t\t\t\t\/* Show once loaded *\/\r\n\t\t\t\t\t\t\tfunction showCarousel_1986() {\r\n\t\t\t\t\t\t\t\tcarousel.fadeTo(0,1);\r\n\t\t\t\t\t\t\t\t$(\"#img_carousel_1986 .owl-item .boc_owl_lazy\").css(\"opacity\",\"1\");\r\n\t\t\t\t\t\t\t}\r\n\t\t\t\t\t\t});\r\n\t\t\t\t\t\t\r\n\t\t\t\t\t<\/script>\r\n\t\t\t\t\t<!-- Image Slider :: END -->[\/vc_column][\/vc_row][vc_row][vc_column]<div class=\"boc_spacing \" style=\"height: 50px\"><\/div>[vc_column_text]<\/p>\n<p style=\"text-align: justify;\"><span style=\"color: #003366;\">Mit einem Projekt haben wir die M\u00f6glichkeit, viele Kinder und deren Familien mit den selben Bed\u00fcrfnissen zu erreichen und mit einer gemeinsamen Einrichtung bzw. Programm Hilfe zu leisten.<\/span><\/p>\n<p>[\/vc_column_text]<div class=\"boc_spacing \" style=\"height: 50px\"><\/div>[\/vc_column][\/vc_row][vc_row][vc_column]\r\n\t\t<!--New Tabs-->\r\n\t\t<div class=\"newtabs clearfix horizontal \">\r\n\t\t\t<ul class=\"resp-tabs-list\">\r\n\t\t\t<\/ul>\r\n\t\t\t<div class=\"resp-tabs-container\">\r\n\t\t<div class=\"single_tab_div\" rel-title=\"Kolping Kindergarten\" rel-icon=\"icon icon-home2\">[vc_column_text]<\/p>\n<p style=\"text-align: justify;\" align=\"justify\"><strong>Kolping Kindergarten<\/strong><\/p>\n<p style=\"text-align: justify;\">Im Juli 2002 wurde in der Kommune El Ejido ein Kindergarten gegr\u00fcndet, in dem Kinder von eins bis f\u00fcnf Jahren aufgenommen werden. M\u00f6glich wurde dies durch den finanziellen Einsatz der Pfarrei \u00abZum Heiligsten Erl\u00f6ser\u00bb, Augsburg-G\u00f6ggingen und durch regelm\u00e4\u00dfige Spenden von Mitgliedern dieser Pfarrei.<\/p>\n<p style=\"text-align: justify;\">Der Missionskreis der Pfarrei St. Georg und Michael, Augsburg-G\u00f6ggingen erm\u00f6glichte durch seine Spende den Baubeginn einer Toilettenanlage<\/p>\n<p class=\"Estilo3\" align=\"justify\">F\u00fcr viele alleinstehende M\u00fctter ist eine Kindertagesst\u00e4tte eine gro\u00dfe Hilfe, denn nur so k\u00f6nnen sie arbeiten gehen, um die Familie zu ern\u00e4hren. Im Kindergarten wird nicht nur auf die Fr\u00fch- und Vorschulerziehung wert gelegt, sondern auch auf\u00a0 eine ausgewogene Mahlzeit f\u00fcr alle Kinder.<br \/>\nDa die Eltern zumeist arme Landarbeiter sind, k\u00f6nnen sie nicht oder nur wenig zu den Kosten dieser Einrichtung beitragen.<\/p>\n<p class=\"Estilo3\" align=\"justify\">Da die Eltern zumeist arme Landarbeiter sind, k\u00f6nnen sie nicht oder nur wenig zu den Kosten dieser Einrichtung beitragen.<\/p>\n<p style=\"text-align: justify;\">Inzwischen befinden wir uns in einem eigenem zweckm\u00e4ssigen Geb\u00e4ude, welches in der Kommune Los Cipr\u00e9s gebaut wurde. Diese gro\u00dfe Aktion konnte Dank zweckgebundener Spenden, Arbeitseins\u00e4tze der Eltern und Jugendliche und Materialspenden der Stadtverwaltung von San Gabriel durchgef\u00fchrt werden.<\/p>\n<ul>\n<li><span style=\"text-decoration: underline;\"><span style=\"color: #0000ff;\"><strong><a style=\"color: #0000ff; text-decoration: underline;\" href=\"http:\/\/www.fumuecuador.org\/wp-content\/uploads\/2016\/06\/Entstehung-des-Kindergartens.pdf\">Geschichte des Kolping Kindegartens<\/a><\/strong><\/span><\/span><\/li>\n<li><strong><span style=\"text-decoration: underline;\"><span style=\"color: #0000ff; text-decoration: underline;\"><a style=\"color: #0000ff; text-decoration: underline;\" href=\"http:\/\/www.fumuecuador.org\/wp-content\/uploads\/2016\/06\/Baubericht-Homepage.pdf\">Baubericht Kinder<\/a>garten<\/span><\/span><br \/>\n<\/strong><\/li>\n<\/ul>\n<p>[\/vc_column_text]<\/div><div class=\"single_tab_div\" rel-title=\"Programm f\u00fcr unter- und mangelern\u00e4hrte Kinder\" rel-icon=\"icon icon-ribbon2\">[vc_column_text]<\/p>\n<p class=\"Estilo3\" style=\"text-align: justify;\" align=\"justify\"><strong>Programm f\u00fcr unter- und mangelern\u00e4hrte Kinder<\/strong><\/p>\n<p style=\"text-align: justify;\">In den l\u00e4ndlichen Regionen von San Gabriel leiden viele Kinder unter Entwicklungsproblemen infolge einer Mangelern\u00e4hrung. Die Entwicklungsst\u00f6rungen haben\u00a0 oftmals vielerlei Ursachen und reichen von der zu geringen bzw. falschen Ern\u00e4hrung bis hin zum Parasitenbefall, einer anderen Krankheit oder fehlender Zuneigung und Pflege seitens der Familie.<\/p>\n<p style=\"text-align: justify;\">Die Fundaci\u00f3n Un Mundo Unido organisiert f\u00fcr diese Kinder ein komplexes Programm. Ein Arzt f\u00fchrt regelm\u00e4\u00dfige Kontrollen durch, behandelt kranke Kinder, \u00fcberweist bei speziellen F\u00e4llen an einen Spezialisten und gibt Ratschl\u00e4ge f\u00fcr die Familie zur Hygiene.<\/p>\n<p style=\"text-align: justify;\" align=\"justify\">Ein Ern\u00e4hrungsberater stellt einen Essensplan mit Gerichten auf, die einfach zu kochen sind &#8211; die Zutaten jedoch bekannt, billig aber dennoch nutritiv. Au\u00dferdem wird von der\u00a0 <strong>FUMU<\/strong>\u00a0 der Anbau eines kleinen Gem\u00fcsegartens gef\u00f6rdert, um die notwendigen Gem\u00fcsesorten f\u00fcr den Hausgebrauch st\u00e4ndig an der Hand zu haben.<\/p>\n<p style=\"text-align: justify;\" align=\"justify\">Sehr wichtig in diesem Programm ist es, die Kinder in ihrem Umfeld zu besuchen. Oftmals sind famili\u00e4re Probleme eine Ursache f\u00fcr die Mangelern\u00e4hrung der Kleinen und wir versuchen mit beratenden Gespr\u00e4chen bzw. Verweisung zu Spezialisten zu helfen.<\/p>\n<p style=\"text-align: justify;\" align=\"justify\">Aber auch die Unkenntnis in Sachen Ern\u00e4hrung ist ein Faktor f\u00fcr eine gest\u00f6rte Entwicklung des Kindes. Mit Kochkursen und Veranstaltungen werden die M\u00fctter \u00fcber Vitamine, N\u00e4hrstoffe, etc. der verschiedenen Lebensmittel aufgekl\u00e4rt.<\/p>\n<p>[\/vc_column_text]<\/div><div class=\"single_tab_div\" rel-title=\"Sie wollen helfen?\" rel-icon=\"icon icon-users2\">[vc_column_text]<\/p>\n<p class=\"Estilo3\" style=\"text-align: justify;\" align=\"justify\"><strong>Sie wollen helfen?<\/strong><\/p>\n<p>\u00dcberweisen Sie Ihre Spende an die<\/p>\n<p><strong>Kolpingstiftung\u00a0 Rudolf-Geiselberger<\/strong><br \/>\nLiga-Bank Regensburg<br \/>\nIBAN: DE 64 7509 0300 0000 1477 70<br \/>\nBIC: GENODEF1M05<br \/>\n<strong>Verwendungszweck :<\/strong> <strong>Ecuador<\/strong><br \/>\nnoch Verwendungszweck :<br \/>\nAngabe Ihrer Anschrift<br \/>\n(zum Erhalt einer Spendenquittung)<\/p>\n<p>F\u00fcr eine regelm\u00e4\u00dfige Spende k\u00f6nne Sie auch eine Einzugserm\u00e4chtigung anfordern.<\/p>\n<p><span style=\"text-decoration: underline;\"><span style=\"color: #000080;\"><a style=\"color: #000080; text-decoration: underline;\" href=\"http:\/\/www.fumuecuador.org\/wp-content\/uploads\/2016\/06\/Einzugserm\u00e4chtigung.pdf\">Einzugserm\u00e4chtigung als PDF<\/a><\/span><\/span>[\/vc_column_text]<\/div><\/div>\r\n\t\t\t\t<\/div>[\/vc_column][\/vc_row]<\/p>\n<\/section>","protected":false},"excerpt":{"rendered":"<p>[vc_row][vc_column][\/vc_column][\/vc_row][vc_row][vc_column][\/vc_column][\/vc_row][vc_row][vc_column][vc_column_text] Mit einem Projekt haben wir die M\u00f6glichkeit, viele Kinder und deren Familien mit den selben Bed\u00fcrfnissen zu erreichen und mit einer gemeinsamen Einrichtung bzw. Programm Hilfe zu leisten. [\/vc_column_text][\/vc_column][\/vc_row][vc_row][vc_column][\/vc_column][\/vc_row]<\/p>\n","protected":false},"author":1,"featured_media":0,"parent":0,"menu_order":0,"comment_status":"closed","ping_status":"closed","template":"","meta":[],"_links":{"self":[{"href":"https:\/\/www.fumuecuador.org\/index.php?rest_route=\/wp\/v2\/pages\/23777"}],"collection":[{"href":"https:\/\/www.fumuecuador.org\/index.php?rest_route=\/wp\/v2\/pages"}],"about":[{"href":"https:\/\/www.fumuecuador.org\/index.php?rest_route=\/wp\/v2\/types\/page"}],"author":[{"embeddable":true,"href":"https:\/\/www.fumuecuador.org\/index.php?rest_route=\/wp\/v2\/users\/1"}],"replies":[{"embeddable":true,"href":"https:\/\/www.fumuecuador.org\/index.php?rest_route=%2Fwp%2Fv2%2Fcomments&post=23777"}],"version-history":[{"count":23,"href":"https:\/\/www.fumuecuador.org\/index.php?rest_route=\/wp\/v2\/pages\/23777\/revisions"}],"predecessor-version":[{"id":24294,"href":"https:\/\/www.fumuecuador.org\/index.php?rest_route=\/wp\/v2\/pages\/23777\/revisions\/24294"}],"wp:attachment":[{"href":"https:\/\/www.fumuecuador.org\/index.php?rest_route=%2Fwp%2Fv2%2Fmedia&parent=23777"}],"curies":[{"name":"wp","href":"https:\/\/api.w.org\/{rel}","templated":true}]}}