{"id":23816,"date":"2016-05-05T15:03:01","date_gmt":"2016-05-05T15:03:01","guid":{"rendered":"http:\/\/www.fumuecuador.org\/?page_id=23816"},"modified":"2016-07-18T21:20:08","modified_gmt":"2016-07-18T21:20:08","slug":"wie-kann-ich-helfen","status":"publish","type":"page","link":"http:\/\/www.fumuecuador.org\/?page_id=23816","title":{"rendered":"Wie kann ich helfen?"},"content":{"rendered":"<section class=\"wpb-content-wrapper\"><p>[vc_row full_height=\u00bbyes\u00bb equal_height=\u00bbyes\u00bb bg_type=\u00bbbg_color\u00bb parallax_content=\u00bboff\u00bb fadeout_row=\u00bboff\u00bb css=\u00bb.vc_custom_1462637129445{background-color: #e8e8e8 !important;}\u00bb][vc_column]<div class=\"img_carousel_holder \">\t<div class=\"img_carousel mfp_gallery\" id=\"img_carousel_6990\" style=\"opacity:0;\"><div class=\"img_carousel_item boc_owl_lazy\">\t<div class=\"pic \">\r\n\t\t\t\t\t\t\t\t<a href=\"javascript:void(0)\" class=\"\"  target=\"_self\">\r\n\t\t\t\t\t\t\t\t\t<img src=\"http:\/\/www.fumuecuador.org\/wp-content\/uploads\/2016\/05\/wi1.jpg\" alt=\"\" \/>\r\n\t\t\t\t\t\t\t\t<\/a>\r\n\t\t\t\t\t\t\t<\/div>\r\n\t\t\t\t\t\t<\/div><div class=\"img_carousel_item boc_owl_lazy\">\t<div class=\"pic \">\r\n\t\t\t\t\t\t\t\t<a href=\"javascript:void(0)\" class=\"\"  target=\"_self\">\r\n\t\t\t\t\t\t\t\t\t<img src=\"http:\/\/www.fumuecuador.org\/wp-content\/uploads\/2016\/05\/wie_kann1.jpg\" alt=\"\" \/>\r\n\t\t\t\t\t\t\t\t<\/a>\r\n\t\t\t\t\t\t\t<\/div>\r\n\t\t\t\t\t\t<\/div><div class=\"img_carousel_item boc_owl_lazy\">\t<div class=\"pic \">\r\n\t\t\t\t\t\t\t\t<a href=\"javascript:void(0)\" class=\"\"  target=\"_self\">\r\n\t\t\t\t\t\t\t\t\t<img src=\"http:\/\/www.fumuecuador.org\/wp-content\/uploads\/2016\/05\/wie_kann2.jpg\" alt=\"\" \/>\r\n\t\t\t\t\t\t\t\t<\/a>\r\n\t\t\t\t\t\t\t<\/div>\r\n\t\t\t\t\t\t<\/div><div class=\"img_carousel_item boc_owl_lazy\">\t<div class=\"pic \">\r\n\t\t\t\t\t\t\t\t<a href=\"javascript:void(0)\" class=\"\"  target=\"_self\">\r\n\t\t\t\t\t\t\t\t\t<img src=\"http:\/\/www.fumuecuador.org\/wp-content\/uploads\/2016\/05\/wie_kann3.jpg\" alt=\"\" \/>\r\n\t\t\t\t\t\t\t\t<\/a>\r\n\t\t\t\t\t\t\t<\/div>\r\n\t\t\t\t\t\t<\/div><div class=\"img_carousel_item boc_owl_lazy\">\t<div class=\"pic \">\r\n\t\t\t\t\t\t\t\t<a href=\"javascript:void(0)\" class=\"\"  target=\"_self\">\r\n\t\t\t\t\t\t\t\t\t<img src=\"http:\/\/www.fumuecuador.org\/wp-content\/uploads\/2016\/05\/ayudemos_1.jpg\" alt=\"\" \/>\r\n\t\t\t\t\t\t\t\t<\/a>\r\n\t\t\t\t\t\t\t<\/div>\r\n\t\t\t\t\t\t<\/div><div class=\"img_carousel_item boc_owl_lazy\">\t<div class=\"pic \">\r\n\t\t\t\t\t\t\t\t<a href=\"javascript:void(0)\" class=\"\"  target=\"_self\">\r\n\t\t\t\t\t\t\t\t\t<img src=\"http:\/\/www.fumuecuador.org\/wp-content\/uploads\/2016\/05\/wi2.jpg\" alt=\"\" \/>\r\n\t\t\t\t\t\t\t\t<\/a>\r\n\t\t\t\t\t\t\t<\/div>\r\n\t\t\t\t\t\t<\/div><\/div>\r\n\t\t\t\t <\/div>\r\n\t\t\t\t\t<!-- Image Slider -->\r\n\t\t\t\t\t<script type=\"text\/javascript\">\r\n\r\n\t\t\t\t\t\tjQuery(document).ready(function($) {\r\n\t\t\t\t\t\t\t\r\n\t\t\t\t\t\t\tvar carousel = jQuery(\"#img_carousel_6990\");\r\n\t\t\t\t\t\t\t\r\n\t\t\t\t\t\t\tvar args = {\r\n\t\t\t\t\t\t\t\t\titems: \t\t\t\t3,\r\n\t\t\t\t\t\t\t\t\tslideBy: \t\t\t1,\t\t\t\t\t\t\r\n\t\t\t\t\t\t\t\t\tautoplay:\t\t\ttrue,\r\n\t\t\t\t\t\t\t\t\tautoplayTimeout:\t4000,\r\n\t\t\t\t\t\t\t\t\tnav: \t\t\t\ttrue,\r\n\t\t\t\t\t\t\t\t\tdots: \t\t\t\tfalse,\r\n\t\t\t\t\t\t\t\t\tloop: \t\t\t\ttrue,\r\n\t\t\t\t\t\t\t\t\tsmartSpeed:\t\t\t250,\r\n\t\t\t\t\t\t\t\t\tnavText:\t\t\t[\"<span class='icon icon-arrow-left7'><\/span>\",\"<span class='icon icon-arrow-right7'><\/span>\"],\r\n\t\t\t\t\t\t\t\t\tnavRewind: \t\t\tfalse,\r\n\t\t\t\t\t\t\t\t\trtl : \t\t\t\tfalse,\r\n\t\t\t\t\t\t\t\t\tmargin: \t\t\t0,\r\n\t\t\t\t\t\t\t\t\tresponsive:{\r\n\t\t\t\t\t\t\t\t\t\t0:{\r\n\t\t\t\t\t\t\t\t\t\t  items:1,\r\n\t\t\t\t\t\t\t\t\t\t},\r\n\t\t\t\t\t\t\t\t\t\t480:{\r\n\t\t\t\t\t\t\t\t\t\t  items:1,\r\n\t\t\t\t\t\t\t\t\t\t  margin:20,\r\n\t\t\t\t\t\t\t\t\t\t},\r\n\t\t\t\t\t\t\t\t\t\t769:{\r\n\t\t\t\t\t\t\t\t\t\t  items:3\r\n\t\t\t\t\t\t\t\t\t\t}\r\n\t\t\t\t\t\t\t\t\t},\r\n\t\t\t\t\t\t\t\t\tonInitialized: showCarousel_6990\r\n\t\t\t\t\t\t\t};\r\n\t\t\t\t\t\t\t\r\n\t\t\t\t\t\t\tcarousel.owlCarousel(args);\r\n\r\n\t\t\t\t\t\t\tvar initital_width = carousel.css(\"width\");\t\t\r\n\t\t\t\t\t\t\t\t\r\n\t\t\t\t\t\t\t\/* Refresh it for full width rows *\/\r\n\t\t\t\t\t\t\t$(window).load(function(){\r\n\t\t\t\t\t\t\t\tif(carousel.css(\"width\") != initital_width) {\r\n\t\t\t\t\t\t\t\t\tcarousel.trigger(\"destroy.owl.carousel\").removeClass(\"owl-carousel owl-loaded\");\r\n\t\t\t\t\t\t\t\t\tcarousel.find(\".owl-stage-outer\").children().unwrap();\r\n\t\t\t\t\t\t\t\t\tcarousel.owlCarousel(args);\r\n\t\t\t\t\t\t\t\t}\r\n\t\t\t\t\t\t\t});\r\n\t\t\t\t\t\t\t\r\n\t\t\t\t\t\t\t\/* Show once loaded *\/\r\n\t\t\t\t\t\t\tfunction showCarousel_6990() {\r\n\t\t\t\t\t\t\t\tcarousel.fadeTo(0,1);\r\n\t\t\t\t\t\t\t\t$(\"#img_carousel_6990 .owl-item .boc_owl_lazy\").css(\"opacity\",\"1\");\r\n\t\t\t\t\t\t\t}\r\n\t\t\t\t\t\t});\r\n\t\t\t\t\t\t\r\n\t\t\t\t\t<\/script>\r\n\t\t\t\t\t<!-- Image Slider :: END -->[\/vc_column][\/vc_row][vc_row][vc_column]<div class=\"boc_spacing \" style=\"height: 45px\"><\/div>[\/vc_column][\/vc_row][vc_row][vc_column width=\u00bb1\/2&#8243;][vc_column_text]<span style=\"text-decoration: underline;\"><a href=\"http:\/\/www.fumuecuador.org\/?page_id=23777&amp;lang=de\"><strong>Spende f\u00fcr ein Projekt<\/strong><\/a><\/span><\/p>\n<p>Verbessern Sie die Lebensbedingungen der Kinder und deren Familien durch z.B.<\/p>\n<ul>\n<li>die Instandhaltung und Verbesserung des Kindergartens<\/li>\n<li>die Durchf\u00fchrung eines Programms f\u00fcr unterern\u00e4hrte Kinder<\/li>\n<li>die Erm\u00f6glichung medizinischer Behandlung<\/li>\n<li>Kurse und Weiterbildung f\u00fcr Jugendliche und Eltern<\/li>\n<li>etc<\/li>\n<\/ul>\n<p>Spendenkonto:<\/p>\n<p>Kolpingstiftung Rudolf-Geiselberger<br \/>\nLiga-Bank Regensburg<br \/>\nIBAN: DE 64 7509 0300 0000 1477 70<br \/>\n<span style=\"color: #000000;\">BIC: GENODEF1M05<\/span><\/p>\n<p><span style=\"color: #0000ff;\"><a style=\"color: #0000ff;\" href=\"http:\/\/www.fumuecuador.org\/wp-content\/uploads\/2016\/06\/Einzugserm\u00e4chtigung.pdf\">Einzugserm\u00e4chtigung als PDF<\/a><\/span>[\/vc_column_text][\/vc_column][vc_column width=\u00bb1\/2&#8243;][vc_column_text]<\/p>\n<p class=\"Estilo3\" align=\"justify\"><strong><a href=\"http:\/\/www.fumuecuador.org\/?page_id=23788&amp;lang=de\"><span style=\"text-decoration: underline;\">\u00dcbernahme einer Patenschaft<\/span><br \/>\n<\/a><\/strong><\/p>\n<p class=\"Estilo3\" align=\"justify\">Helfen Sie einem bestimmten Kind, dessen Leben zu verbessern. Es handelt sich um Kinder aus sehr armen Verh\u00e4ltnissen, welche dringend Unterst\u00fctzung brauchen z.B.<\/p>\n<div align=\"justify\">\n<ol>\n<li class=\"Estilo3\">Kinder, welche krank sind, medizinische Betreuung brauchen oder bestimmte Medikamente einnehmen m\u00fcssen,<\/li>\n<li class=\"Estilo3\">oder f\u00fcr Kinder aus extremer Armut, welche Unterst\u00fctzung f\u00fcr den Schulbesuch brauchen, f\u00fcr den Bus, f\u00fcr Schulutensilien, f\u00fcr Schuluniform, etc. damit das Kind eine Chance auf Bildung und damit auf eine Zukunft hat<\/li>\n<\/ol>\n<p>&nbsp;<\/p>\n<\/div>\n<p class=\"Estilo3\" align=\"justify\"><strong><span style=\"text-decoration: underline;\"><a href=\"http:\/\/www.fumuecuador.org\/?page_id=23789&amp;lang=de\">Pers\u00f6nlicher Einsatz<\/a><\/span><br \/>\n<\/strong><\/p>\n<p class=\"Estilo3\" align=\"justify\">Gerne k\u00f6nnen Sie bei unserem Hilfsprojekt mitarbeiten. Sei es in Deutschland oder vor Ort in San Gabriel \/ Ecuador \u2013 Helfer sind immer willkommen.<\/p>\n<p>[\/vc_column_text][\/vc_column][\/vc_row]<\/p>\n<\/section>","protected":false},"excerpt":{"rendered":"<p>[vc_row full_height=\u00bbyes\u00bb equal_height=\u00bbyes\u00bb bg_type=\u00bbbg_color\u00bb parallax_content=\u00bboff\u00bb fadeout_row=\u00bboff\u00bb css=\u00bb.vc_custom_1462637129445{background-color: #e8e8e8 !important;}\u00bb][vc_column][\/vc_column][\/vc_row][vc_row][vc_column][\/vc_column][\/vc_row][vc_row][vc_column width=\u00bb1\/2&#8243;][vc_column_text]Spende f\u00fcr ein Projekt Verbessern Sie die Lebensbedingungen der Kinder und deren Familien durch z.B. die Instandhaltung und Verbesserung des Kindergartens die Durchf\u00fchrung eines Programms f\u00fcr unterern\u00e4hrte Kinder die Erm\u00f6glichung medizinischer Behandlung Kurse und Weiterbildung f\u00fcr Jugendliche und Eltern etc Spendenkonto: Kolpingstiftung Rudolf-Geiselberger Liga-Bank Regensburg IBAN: DE 64 7509 0300 0000<\/p>\n<div class=\"h10\"><\/div>\n<p><a class=\"more-link2 flat\" href=\"http:\/\/www.fumuecuador.org\/?page_id=23816\">Read more<\/a><\/p>\n","protected":false},"author":1,"featured_media":0,"parent":0,"menu_order":0,"comment_status":"closed","ping_status":"closed","template":"","meta":[],"_links":{"self":[{"href":"http:\/\/www.fumuecuador.org\/index.php?rest_route=\/wp\/v2\/pages\/23816"}],"collection":[{"href":"http:\/\/www.fumuecuador.org\/index.php?rest_route=\/wp\/v2\/pages"}],"about":[{"href":"http:\/\/www.fumuecuador.org\/index.php?rest_route=\/wp\/v2\/types\/page"}],"author":[{"embeddable":true,"href":"http:\/\/www.fumuecuador.org\/index.php?rest_route=\/wp\/v2\/users\/1"}],"replies":[{"embeddable":true,"href":"http:\/\/www.fumuecuador.org\/index.php?rest_route=%2Fwp%2Fv2%2Fcomments&post=23816"}],"version-history":[{"count":27,"href":"http:\/\/www.fumuecuador.org\/index.php?rest_route=\/wp\/v2\/pages\/23816\/revisions"}],"predecessor-version":[{"id":24291,"href":"http:\/\/www.fumuecuador.org\/index.php?rest_route=\/wp\/v2\/pages\/23816\/revisions\/24291"}],"wp:attachment":[{"href":"http:\/\/www.fumuecuador.org\/index.php?rest_route=%2Fwp%2Fv2%2Fmedia&parent=23816"}],"curies":[{"name":"wp","href":"https:\/\/api.w.org\/{rel}","templated":true}]}}